{"id":9,"date":"2012-11-14T21:50:28","date_gmt":"2012-11-14T19:50:28","guid":{"rendered":"http:\/\/www.schornsteinfeger-nachtigall.de\/?page_id=9"},"modified":"2013-12-03T23:24:39","modified_gmt":"2013-12-03T22:24:39","slug":"willkommen","status":"publish","type":"page","link":"https:\/\/www.schornsteinfeger-nachtigall.de\/","title":{"rendered":"Herzlich Willkommen"},"content":{"rendered":"<p><span style=\"font-family: arial,helvetica,sans-serif; font-size: medium;\">auf meiner Schornsteinfeger-Homepage.<\/span><\/p>\n<div id=\"attachment_551\" style=\"width: 209px\" class=\"wp-caption alignleft\"><a href=\"http:\/\/www.schornsteinfeger-nachtigall.de\/wp-content\/uploads\/2012\/11\/RFS_5289a.jpg\"><img loading=\"lazy\" decoding=\"async\" aria-describedby=\"caption-attachment-551\" class=\"size-medium wp-image-551 \" title=\"Thomas Nachtigall\" alt=\"Thomas Nachtigall\" src=\"http:\/\/www.schornsteinfeger-nachtigall.de\/wp-content\/uploads\/2012\/11\/RFS_5289a-199x300.jpg\" width=\"199\" height=\"300\" srcset=\"https:\/\/www.schornsteinfeger-nachtigall.de\/wp-content\/uploads\/2012\/11\/RFS_5289a-199x300.jpg 199w, https:\/\/www.schornsteinfeger-nachtigall.de\/wp-content\/uploads\/2012\/11\/RFS_5289a-681x1024.jpg 681w, https:\/\/www.schornsteinfeger-nachtigall.de\/wp-content\/uploads\/2012\/11\/RFS_5289a-99x150.jpg 99w\" sizes=\"auto, (max-width: 199px) 100vw, 199px\" \/><\/a><p id=\"caption-attachment-551\" class=\"wp-caption-text\"><span style=\"font-family: arial,helvetica,sans-serif; font-size: small;\">Thomas Nachtigall<\/span><\/p><\/div>\n<p><span style=\"font-family: arial,helvetica,sans-serif; font-size: medium;\">Ich lade Sie ein, sich an dieser Stelle umfassend \u00fcber meinen Schornsteinfegerbetrieb zu informieren.<\/span><\/p>\n<p><span style=\"font-family: arial,helvetica,sans-serif; font-size: medium;\">Gerne k\u00f6nnen Sie mir Terminvorschl\u00e4ge zur Ausf\u00fchrung anstehender Arbeiten unterbreiten, \u00c4nderungsvorschl\u00e4ge machen und Anregungen geben. Ich freue mich \u00fcber Ihre R\u00fcckmeldung!<\/span><\/p>\n","protected":false},"excerpt":{"rendered":"<p>auf meiner Schornsteinfeger-Homepage. Ich lade Sie ein, sich an dieser Stelle umfassend \u00fcber meinen Schornsteinfegerbetrieb zu informieren. Gerne k\u00f6nnen Sie mir Terminvorschl\u00e4ge zur Ausf\u00fchrung anstehender Arbeiten unterbreiten, \u00c4nderungsvorschl\u00e4ge machen und Anregungen geben. Ich freue mich \u00fcber Ihre R\u00fcckmeldung!<\/p>\n","protected":false},"author":1,"featured_media":0,"parent":0,"menu_order":10,"comment_status":"closed","ping_status":"closed","template":"","meta":{"footnotes":""},"class_list":["post-9","page","type-page","status-publish","hentry"],"_links":{"self":[{"href":"https:\/\/www.schornsteinfeger-nachtigall.de\/index.php?rest_route=\/wp\/v2\/pages\/9","targetHints":{"allow":["GET"]}}],"collection":[{"href":"https:\/\/www.schornsteinfeger-nachtigall.de\/index.php?rest_route=\/wp\/v2\/pages"}],"about":[{"href":"https:\/\/www.schornsteinfeger-nachtigall.de\/index.php?rest_route=\/wp\/v2\/types\/page"}],"author":[{"embeddable":true,"href":"https:\/\/www.schornsteinfeger-nachtigall.de\/index.php?rest_route=\/wp\/v2\/users\/1"}],"replies":[{"embeddable":true,"href":"https:\/\/www.schornsteinfeger-nachtigall.de\/index.php?rest_route=%2Fwp%2Fv2%2Fcomments&post=9"}],"version-history":[{"count":26,"href":"https:\/\/www.schornsteinfeger-nachtigall.de\/index.php?rest_route=\/wp\/v2\/pages\/9\/revisions"}],"predecessor-version":[{"id":408,"href":"https:\/\/www.schornsteinfeger-nachtigall.de\/index.php?rest_route=\/wp\/v2\/pages\/9\/revisions\/408"}],"wp:attachment":[{"href":"https:\/\/www.schornsteinfeger-nachtigall.de\/index.php?rest_route=%2Fwp%2Fv2%2Fmedia&parent=9"}],"curies":[{"name":"wp","href":"https:\/\/api.w.org\/{rel}","templated":true}]}}