{"id":462,"date":"2013-11-21T11:59:11","date_gmt":"2013-11-21T10:59:11","guid":{"rendered":"http:\/\/www.schornsteinfeger-nachtigall.de\/?page_id=462"},"modified":"2013-11-21T12:17:18","modified_gmt":"2013-11-21T11:17:18","slug":"reinigung-von-kaminoefen","status":"publish","type":"page","link":"https:\/\/www.schornsteinfeger-nachtigall.de\/?page_id=462","title":{"rendered":"Reinigung von Kamin\u00f6fen"},"content":{"rendered":"<div id=\"attachment_465\" style=\"width: 235px\" class=\"wp-caption alignleft\"><a href=\"http:\/\/www.schornsteinfeger-nachtigall.de\/wp-content\/uploads\/2013\/11\/kaminofen.jpg\"><img loading=\"lazy\" decoding=\"async\" aria-describedby=\"caption-attachment-465\" class=\"size-medium wp-image-465 \" title=\"F\u00fcr eine angenehme Atmosph\u00e4re\" alt=\"Reinigung von Kamin\u00f6fen\" src=\"http:\/\/www.schornsteinfeger-nachtigall.de\/wp-content\/uploads\/2013\/11\/kaminofen-225x300.jpg\" width=\"225\" height=\"300\" srcset=\"https:\/\/www.schornsteinfeger-nachtigall.de\/wp-content\/uploads\/2013\/11\/kaminofen-225x300.jpg 225w, https:\/\/www.schornsteinfeger-nachtigall.de\/wp-content\/uploads\/2013\/11\/kaminofen-768x1024.jpg 768w, https:\/\/www.schornsteinfeger-nachtigall.de\/wp-content\/uploads\/2013\/11\/kaminofen-112x150.jpg 112w, https:\/\/www.schornsteinfeger-nachtigall.de\/wp-content\/uploads\/2013\/11\/kaminofen.jpg 1200w\" sizes=\"auto, (max-width: 225px) 100vw, 225px\" \/><\/a><p id=\"caption-attachment-465\" class=\"wp-caption-text\">Kamin\u00f6fen sorgen f\u00fcr Behaglichkeit<\/p><\/div>\n<p style=\"text-align: justify;\"><span style=\"font-size: medium; font-family: arial,helvetica,sans-serif;\">Unser Betrieb bietet Ihnen die Reinigung Ihres Kaminofens, Heizkamines etc, sowie Ihres Ofenrohres an.<\/span><\/p>\n<p style=\"text-align: justify;\"><span style=\"font-size: medium; font-family: arial,helvetica,sans-serif;\">Der komplette Feuerraum sowie das Ofenrohr werden hierbei von Ablagerungen wie Asche, Ru\u00df und Staub befreit.<\/span><\/p>\n<p style=\"text-align: justify;\"><span style=\"font-size: medium; font-family: arial,helvetica,sans-serif;\">Verru\u00dfte und verschmutze Kamin\u00f6fen haben eine schlechtere W\u00e4rme\u00fcbertragung und verursachen erh\u00f6hte Feinstaubemmissionen. Dieses wirkt sich letztlich auch auf den Holzverbrauch aus. Desweiteren k\u00f6nnen Rauchgase nicht mehr ordnungsgem\u00e4\u00df \u00fcber das Rauchrohr in den Schornstein abgeleitet werden.<br \/>\n<\/span><\/p>\n<p style=\"text-align: justify;\"><span style=\"font-size: medium; font-family: arial,helvetica,sans-serif;\">Bitte beachten Sie &#8211; Schornsteinbr\u00e4nde beginnen schon oft in den Ofenrohren!<br \/>\n<\/span><\/p>\n","protected":false},"excerpt":{"rendered":"<p>Unser Betrieb bietet Ihnen die Reinigung Ihres Kaminofens, Heizkamines etc, sowie Ihres Ofenrohres an. Der komplette Feuerraum sowie das Ofenrohr werden hierbei von Ablagerungen wie Asche, Ru\u00df und Staub befreit. Verru\u00dfte und verschmutze Kamin\u00f6fen haben eine schlechtere W\u00e4rme\u00fcbertragung und verursachen erh\u00f6hte Feinstaubemmissionen. Dieses wirkt sich letztlich auch auf den Holzverbrauch \u2026 <a class=\"continue-reading-link\" href=\"https:\/\/www.schornsteinfeger-nachtigall.de\/?page_id=462\"> Continue reading <span class=\"meta-nav\">&rarr; <\/span><\/a><\/p>\n","protected":false},"author":1,"featured_media":0,"parent":21,"menu_order":50,"comment_status":"closed","ping_status":"closed","template":"","meta":{"footnotes":""},"class_list":["post-462","page","type-page","status-publish","hentry"],"_links":{"self":[{"href":"https:\/\/www.schornsteinfeger-nachtigall.de\/index.php?rest_route=\/wp\/v2\/pages\/462","targetHints":{"allow":["GET"]}}],"collection":[{"href":"https:\/\/www.schornsteinfeger-nachtigall.de\/index.php?rest_route=\/wp\/v2\/pages"}],"about":[{"href":"https:\/\/www.schornsteinfeger-nachtigall.de\/index.php?rest_route=\/wp\/v2\/types\/page"}],"author":[{"embeddable":true,"href":"https:\/\/www.schornsteinfeger-nachtigall.de\/index.php?rest_route=\/wp\/v2\/users\/1"}],"replies":[{"embeddable":true,"href":"https:\/\/www.schornsteinfeger-nachtigall.de\/index.php?rest_route=%2Fwp%2Fv2%2Fcomments&post=462"}],"version-history":[{"count":6,"href":"https:\/\/www.schornsteinfeger-nachtigall.de\/index.php?rest_route=\/wp\/v2\/pages\/462\/revisions"}],"predecessor-version":[{"id":471,"href":"https:\/\/www.schornsteinfeger-nachtigall.de\/index.php?rest_route=\/wp\/v2\/pages\/462\/revisions\/471"}],"up":[{"embeddable":true,"href":"https:\/\/www.schornsteinfeger-nachtigall.de\/index.php?rest_route=\/wp\/v2\/pages\/21"}],"wp:attachment":[{"href":"https:\/\/www.schornsteinfeger-nachtigall.de\/index.php?rest_route=%2Fwp%2Fv2%2Fmedia&parent=462"}],"curies":[{"name":"wp","href":"https:\/\/api.w.org\/{rel}","templated":true}]}}