{"id":305,"date":"2013-11-16T22:06:35","date_gmt":"2013-11-16T21:06:35","guid":{"rendered":"http:\/\/www.schornsteinfeger-nachtigall.de\/?page_id=305"},"modified":"2013-12-02T17:38:16","modified_gmt":"2013-12-02T16:38:16","slug":"holzfeuchte","status":"publish","type":"page","link":"https:\/\/www.schornsteinfeger-nachtigall.de\/?page_id=305","title":{"rendered":"Holzfeuchtemessung"},"content":{"rendered":"<p><span style=\"font-size: medium; font-family: arial,helvetica,sans-serif;\">Gerne f\u00fchren wir f\u00fcr Sie eine Holzfeuchtemessung durch!<\/span><\/p>\n<div id=\"attachment_309\" style=\"width: 310px\" class=\"wp-caption alignleft\"><a href=\"http:\/\/www.schornsteinfeger-nachtigall.de\/wp-content\/uploads\/2013\/11\/339324_web_R_K_by_Klaus-Uwe-Gerhardt_pixelio.de_.jpg\"><img loading=\"lazy\" decoding=\"async\" aria-describedby=\"caption-attachment-309\" class=\"size-medium wp-image-309\" title=\"Die Holzlagerung\" alt=\"\" src=\"http:\/\/www.schornsteinfeger-nachtigall.de\/wp-content\/uploads\/2013\/11\/339324_web_R_K_by_Klaus-Uwe-Gerhardt_pixelio.de_-300x198.jpg\" width=\"300\" height=\"198\" srcset=\"https:\/\/www.schornsteinfeger-nachtigall.de\/wp-content\/uploads\/2013\/11\/339324_web_R_K_by_Klaus-Uwe-Gerhardt_pixelio.de_-300x198.jpg 300w, https:\/\/www.schornsteinfeger-nachtigall.de\/wp-content\/uploads\/2013\/11\/339324_web_R_K_by_Klaus-Uwe-Gerhardt_pixelio.de_-226x150.jpg 226w, https:\/\/www.schornsteinfeger-nachtigall.de\/wp-content\/uploads\/2013\/11\/339324_web_R_K_by_Klaus-Uwe-Gerhardt_pixelio.de_-150x99.jpg 150w, https:\/\/www.schornsteinfeger-nachtigall.de\/wp-content\/uploads\/2013\/11\/339324_web_R_K_by_Klaus-Uwe-Gerhardt_pixelio.de_.jpg 400w\" sizes=\"auto, (max-width: 300px) 100vw, 300px\" \/><\/a><p id=\"caption-attachment-309\" class=\"wp-caption-text\"><span style=\"font-size: xx-small;\">Foto: Klaus-Uwe Gerhardt \/ pixelio.de<\/span><\/p><\/div>\n<p style=\"text-align: justify;\"><span style=\"font-family: arial,helvetica,sans-serif; font-size: medium;\">F\u00fcr eine optimale Verbrennung mu\u00df der Brennstoff Holz lufttrocken sein, d. h. einen Wassergehalt von weniger als 20 % haben. Zu feuchtes Holz f\u00fchrt zu geruchsintensiven, bel\u00e4stigenden und auch gesundheitssch\u00e4dlichen Rauchgasen. Dar\u00fcber hinaus ist die Verbrennung von fechtem Holz sehr ineffizient, weil der Heizwert aufgrund des Wassergehaltes sinkt. Damit ist das Verbrennen schlecht gelagerten oder feuchten Holzes sowohl umweltsch\u00e4dlich (Rauchbel\u00e4stigung) als auch eine teure Energieverschendung.<\/span><\/p>\n<p style=\"text-align: justify;\"><span style=\"font-family: arial,helvetica,sans-serif; font-size: medium;\">Durch ein spezielles Holzfeuchteme\u00dfger\u00e4t stellen wir den Feuchtegehalt Ihres Holzes fest.<\/span><\/p>\n","protected":false},"excerpt":{"rendered":"<p>Gerne f\u00fchren wir f\u00fcr Sie eine Holzfeuchtemessung durch! F\u00fcr eine optimale Verbrennung mu\u00df der Brennstoff Holz lufttrocken sein, d. h. einen Wassergehalt von weniger als 20 % haben. Zu feuchtes Holz f\u00fchrt zu geruchsintensiven, bel\u00e4stigenden und auch gesundheitssch\u00e4dlichen Rauchgasen. Dar\u00fcber hinaus ist die Verbrennung von fechtem Holz sehr ineffizient, weil \u2026 <a class=\"continue-reading-link\" href=\"https:\/\/www.schornsteinfeger-nachtigall.de\/?page_id=305\"> Continue reading <span class=\"meta-nav\">&rarr; <\/span><\/a><\/p>\n","protected":false},"author":1,"featured_media":0,"parent":21,"menu_order":40,"comment_status":"closed","ping_status":"closed","template":"","meta":{"footnotes":""},"class_list":["post-305","page","type-page","status-publish","hentry"],"_links":{"self":[{"href":"https:\/\/www.schornsteinfeger-nachtigall.de\/index.php?rest_route=\/wp\/v2\/pages\/305","targetHints":{"allow":["GET"]}}],"collection":[{"href":"https:\/\/www.schornsteinfeger-nachtigall.de\/index.php?rest_route=\/wp\/v2\/pages"}],"about":[{"href":"https:\/\/www.schornsteinfeger-nachtigall.de\/index.php?rest_route=\/wp\/v2\/types\/page"}],"author":[{"embeddable":true,"href":"https:\/\/www.schornsteinfeger-nachtigall.de\/index.php?rest_route=\/wp\/v2\/users\/1"}],"replies":[{"embeddable":true,"href":"https:\/\/www.schornsteinfeger-nachtigall.de\/index.php?rest_route=%2Fwp%2Fv2%2Fcomments&post=305"}],"version-history":[{"count":9,"href":"https:\/\/www.schornsteinfeger-nachtigall.de\/index.php?rest_route=\/wp\/v2\/pages\/305\/revisions"}],"predecessor-version":[{"id":539,"href":"https:\/\/www.schornsteinfeger-nachtigall.de\/index.php?rest_route=\/wp\/v2\/pages\/305\/revisions\/539"}],"up":[{"embeddable":true,"href":"https:\/\/www.schornsteinfeger-nachtigall.de\/index.php?rest_route=\/wp\/v2\/pages\/21"}],"wp:attachment":[{"href":"https:\/\/www.schornsteinfeger-nachtigall.de\/index.php?rest_route=%2Fwp%2Fv2%2Fmedia&parent=305"}],"curies":[{"name":"wp","href":"https:\/\/api.w.org\/{rel}","templated":true}]}}