{"id":119,"date":"2012-11-27T12:12:13","date_gmt":"2012-11-27T10:12:13","guid":{"rendered":"http:\/\/www.schornsteinfeger-nachtigall.de\/?page_id=119"},"modified":"2013-11-26T09:00:42","modified_gmt":"2013-11-26T08:00:42","slug":"die-feuerstattenschau","status":"publish","type":"page","link":"https:\/\/www.schornsteinfeger-nachtigall.de\/?page_id=119","title":{"rendered":"Die Feuerst\u00e4ttenschau"},"content":{"rendered":"<p><span style=\"font-family: Arial,sans-serif; font-size: small;\">Bei der Feuerst\u00e4ttenschau werden alle auf dem Grundst\u00fcck betriebenen Feuerungsanlagen auf ihre Betriebs- und Brandsicherheit \u00fcberpr\u00fcft. Sie ist damit ein wesentlicher Beitrag zum vorbeugenden Brandschutz. Es werden, anders als die Bezeichnung vermuten l\u00e4sst, alle Teile von bestehenden Feuerungsanlagen (Feuerst\u00e4tten, Ofenrohr, Schornstein, Verbrennungsluftversorgung) in Augenschein genommen, um festzustellen, ob die Feuerungsanlage noch betriebs- und brandsicher ist.<\/span><\/p>\n<p><span style=\"font-family: Arial,sans-serif; font-size: small;\">Hierzu werden im wesentlichen folgende Punkte \u00fcberpr\u00fcft:<\/span><\/p>\n<ul>\n<li><span style=\"font-family: Arial,sans-serif; font-size: small;\">Brandschutzabst\u00e4nde zu Bauteilen aus brennbaren Baustoffen<\/span><\/li>\n<li><span style=\"font-family: Arial,sans-serif; font-size: small;\">Dichtheit der Ofenrohre und Abgasanlagen<\/span><\/li>\n<li><span style=\"font-family: Arial,sans-serif; font-size: small;\">technischer Zustand der Feuerst\u00e4tte<\/span><\/li>\n<li><span style=\"font-family: Arial,sans-serif; font-size: small;\">zus\u00e4tzliche Einrichtungen, wie nichtbrennbare Vorlagen vor Feuerungs\u00f6ffnungen<\/span><\/li>\n<li><span style=\"font-family: Arial,sans-serif; font-size: small;\">Aufstellraum, Verbrennungsluftversorgung und Brennstoffversorgung<\/span><\/li>\n<li><span style=\"font-family: Arial,sans-serif; font-size: small;\">Sicherheitseinrichtungen f\u00fcr Schornsteinfegerarbeiten<\/span><\/li>\n<li><span style=\"font-family: Arial,sans-serif; font-size: small;\">Aktualisierung der erforderlichen Kehr- und \u00dcberpr\u00fcfungsarbeiten<\/span><\/li>\n<li><span style=\"font-family: Arial,sans-serif; font-size: small;\">Kontrolle des Typenschildes ( Baujahr, CE-Zeichen, Staubwerte, Leistung usw.)<\/span><\/li>\n<\/ul>\n<p><span style=\"font-size: small; font-family: arial,helvetica,sans-serif;\">M\u00e4ngel, die die Betriebs- und Brandsicherheit beeintr\u00e4chtigen k\u00f6nnen, werden dem Eigent\u00fcmer bzw. Betreiber mitgeteilt.<br \/>\n<\/span><\/p>\n<p><span style=\"font-size: small;\"><span style=\"font-family: arial,helvetica,sans-serif;\">Hier einige Beispiele von h\u00e4ufig festgestellten M\u00e4ngeln:<\/span><br \/>\n<\/span><\/p>\n<ul>\n<li><span style=\"font-family: Arial,sans-serif; font-size: small;\">Laufsteeganlage morsch<\/span><\/li>\n<li><span style=\"font-family: Arial,sans-serif; font-size: small;\">Schornstein versottet<\/span><\/li>\n<li><span style=\"font-family: Arial,sans-serif; font-size: small;\">Schornsteinkopf schadhaft<\/span><\/li>\n<li><span style=\"font-family: Arial,sans-serif; font-size: small;\">Einbaum\u00f6bel am Schornstein<\/span><\/li>\n<li><span style=\"font-family: Arial,sans-serif; font-size: small;\">neuer Fu\u00dfbodenbelag (Laminat) ohne nichtbrennbare Auflage vorm Kamin<\/span><\/li>\n<li><span style=\"font-family: Arial,sans-serif; font-size: small;\">Dunstabzugshaube mit Abluftfunktion in der gleichen Nutzungseinheit mit einem Kamin (Vergiftungsgefahr)<\/span><\/li>\n<li><span style=\"font-family: Arial,sans-serif; font-size: small;\">neue T\u00fcren oder Fenster bei raumluftabh\u00e4ngigen Feuerst\u00e4tten&#8230;<\/span><\/li>\n<\/ul>\n<p align=\"left\"><span style=\"font-family: arial,helvetica,sans-serif;\"><span style=\"font-size: small;\">\u00dcber die Feuerst\u00e4ttenschau erhalten Sie eine Bescheinigung und gegebenenfalls eine M\u00e4ngelmitteilung. An Hand der nun registrierten Daten erhalten Sie zus\u00e4tzlich einen neuen <a title=\"Der Feuerst\u00e4ttenbescheid\" href=\"http:\/\/www.schornsteinfeger-nachtigall.de\/?page_id=88\">Feuerst\u00e4ttenbescheid<\/a>.<\/span><span style=\"font-size: small;\"> Gem. \u00a7 14 Abs. 1 <a href=\"http:\/\/www.schornsteinfeger-nachtigall.de\/wp-content\/uploads\/2012\/11\/schfhwg2.pdf\" target=\"_blank\">Schornsteinfeger-Handwerksgesestz (SchfHwG)<\/a> ist die Feuerst\u00e4ttenschau zweimal in 7 Jahren durchzuf\u00fchren.<\/span><span style=\"font-size: small;\"> Die Geb\u00fchren f\u00fcr die Feuerst\u00e4ttenschau richten sich nach der <a href=\"http:\/\/www.gesetze-im-internet.de\/bundesrecht\/k_o\/gesamt.pdf\" target=\"_blank\">Kehr- und \u00dcberpr\u00fcfungsordnung (K\u00dcO)<\/a>.<\/span><\/span><\/p>\n<p align=\"left\"><span style=\"font-size: small;\">\u00a0<\/span><\/p>\n","protected":false},"excerpt":{"rendered":"<p>Bei der Feuerst\u00e4ttenschau werden alle auf dem Grundst\u00fcck betriebenen Feuerungsanlagen auf ihre Betriebs- und Brandsicherheit \u00fcberpr\u00fcft. Sie ist damit ein wesentlicher Beitrag zum vorbeugenden Brandschutz. Es werden, anders als die Bezeichnung vermuten l\u00e4sst, alle Teile von bestehenden Feuerungsanlagen (Feuerst\u00e4tten, Ofenrohr, Schornstein, Verbrennungsluftversorgung) in Augenschein genommen, um festzustellen, ob die Feuerungsanlage \u2026 <a class=\"continue-reading-link\" href=\"https:\/\/www.schornsteinfeger-nachtigall.de\/?page_id=119\"> Continue reading <span class=\"meta-nav\">&rarr; <\/span><\/a><\/p>\n","protected":false},"author":1,"featured_media":0,"parent":0,"menu_order":0,"comment_status":"closed","ping_status":"closed","template":"","meta":{"footnotes":""},"class_list":["post-119","page","type-page","status-publish","hentry"],"_links":{"self":[{"href":"https:\/\/www.schornsteinfeger-nachtigall.de\/index.php?rest_route=\/wp\/v2\/pages\/119","targetHints":{"allow":["GET"]}}],"collection":[{"href":"https:\/\/www.schornsteinfeger-nachtigall.de\/index.php?rest_route=\/wp\/v2\/pages"}],"about":[{"href":"https:\/\/www.schornsteinfeger-nachtigall.de\/index.php?rest_route=\/wp\/v2\/types\/page"}],"author":[{"embeddable":true,"href":"https:\/\/www.schornsteinfeger-nachtigall.de\/index.php?rest_route=\/wp\/v2\/users\/1"}],"replies":[{"embeddable":true,"href":"https:\/\/www.schornsteinfeger-nachtigall.de\/index.php?rest_route=%2Fwp%2Fv2%2Fcomments&post=119"}],"version-history":[{"count":12,"href":"https:\/\/www.schornsteinfeger-nachtigall.de\/index.php?rest_route=\/wp\/v2\/pages\/119\/revisions"}],"predecessor-version":[{"id":484,"href":"https:\/\/www.schornsteinfeger-nachtigall.de\/index.php?rest_route=\/wp\/v2\/pages\/119\/revisions\/484"}],"wp:attachment":[{"href":"https:\/\/www.schornsteinfeger-nachtigall.de\/index.php?rest_route=%2Fwp%2Fv2%2Fmedia&parent=119"}],"curies":[{"name":"wp","href":"https:\/\/api.w.org\/{rel}","templated":true}]}}